{"id":892,"date":"2019-02-11T06:24:26","date_gmt":"2019-02-11T06:24:26","guid":{"rendered":"https:\/\/themify.me\/demo\/themes\/ultra-coffee\/?page_id=10"},"modified":"2019-09-21T00:13:07","modified_gmt":"2019-09-20T22:13:07","slug":"home-2","status":"publish","type":"page","link":"https:\/\/www.kacerdlazby.sk\/","title":{"rendered":"Home"},"content":{"rendered":"\r\n<p><!--themify_builder_static--><h1>Dla\u017eby K\u00e1\u010der<br\/>V\u0161etko pre Va\u0161u dla\u017ebu, a e\u0161te viac<\/h1>\n<img decoding=\"async\" src=\"https:\/\/www.kacerdlazby.sk\/wp-content\/uploads\/2019\/06\/final-divider-300x21.png\" width=\"300\" alt=\"final-divider\" \/>\n<a href=\"#services\" > Presk\u00famajte na\u0161e mo\u017enosti <\/a>\n<h3>Kontaktujte n\u00e1s<\/h3> <p><a href=\"tel:0917145718\">0917 145 718<\/a><\/p> <p><a href=\"mailto:kacerjaro@gmail.com\">kacerjaro@gmail.com<\/a><\/p>\n<h3>Adresa<\/h3> <p>K\u00e1\u010der Jaroslav<br \/>Forg\u00e1\u010dov 233<br \/>Orovnica 966 52<\/p>\n<h3>Bankov\u00e9 \u00fadaje<\/h3> <p>I\u010cO: 40534014<br \/>I\u010cO DPH: SK1048576067<br \/>\u010d.u.: 2622791686\/1100<\/p>\n<h3>O n\u00e1s<br\/>Toto je n\u00e1\u0161 pr\u00edbeh<\/h3>\n<img decoding=\"async\" src=\"https:\/\/www.kacerdlazby.sk\/wp-content\/uploads\/2019\/06\/final-divider-300x21.png\" width=\"300\" alt=\"final-divider\" \/>\n<p>Firma K\u00e1\u010der sa zaober\u00e1 pokl\u00e1dkou z\u00e1mkov\u00fdch dla\u017eieb, ve\u013ekoform\u00e1tov\u00fdch bet\u00f3nov\u00fdch dla\u017eieb a v\u00fdstavbou bet\u00f3nov\u00fdch plotov\u00fdch syst\u00e9mov.<\/p> <p>Bola zalo\u017een\u00e1 v roku 2003 s my\u0161lienkou realizova\u0165 extern\u00e9 \u00fapravy ciest, parkov\u00edsk a chodn\u00edkov.\u00a0 Pri pr\u00e1ci vyu\u017e\u00edvame svoje dlhodob\u00e9 sk\u00fasenosti, \u010d\u00edm sa zvy\u0161uje na\u0161a kvalita slu\u017eieb. Pon\u00fakame V\u00e1m profesion\u00e1lnu realiz\u00e1ciu exteri\u00e9rov pod\u013ea Va\u0161ich predst\u00e1v alebo pod\u013ea podrobne vypracovan\u00e9ho projektu. Porad\u00edme V\u00e1m ako najoptim\u00e1lnej\u0161ie investova\u0165 do Va\u0161ich pl\u00e1nov.<\/p> <p>Spolupracujeme s exkluz\u00edvnou spolo\u010dnos\u0165ou v oblasti dla\u017eieb, plotov a bet\u00f3nov\u00fdch v\u00fdrobkov <a href=\"https:\/\/www.citystonedesign.sk\/\">CityStoneDesign<\/a><\/p>\n<img decoding=\"async\" src=\"https:\/\/www.kacerdlazby.sk\/wp-content\/uploads\/2019\/07\/collageperf-1.jpg\" alt=\"\" \/>\n<h3>Slu\u017eby<br\/>\u017diadna stavba nieje tak\u00e1 mal\u00e1, aby si nezasl\u00fa\u017eila profesion\u00e1lny pr\u00edstup<\/h3>\n<img decoding=\"async\" src=\"https:\/\/www.kacerdlazby.sk\/wp-content\/uploads\/2019\/06\/final-divider-300x21.png\" width=\"300\" alt=\"final-divider\" \/>\n<a href=\"https:\/\/www.kacerdlazby.sk\/?page_id=762\" > \n \n <\/a> \n <h3> <a href=\"https:\/\/www.kacerdlazby.sk\/?page_id=762\">\u010cistenie dla\u017eby<\/a> <\/h3> <p>\u010cistenie dla\u017eby a ostatn\u00fdch v\u00fdrobkov pomocou h\u013abkov\u00e9ho um\u00fdvania vysok\u00fdm tlakom vody.<\/p>\n<a href=\"https:\/\/www.kacerdlazby.sk\/?page_id=764\" > \n \n <\/a> \n <h3> <a href=\"https:\/\/www.kacerdlazby.sk\/?page_id=764\">Pokl\u00e1dka dla\u017eby<\/a> <\/h3> <p>Realizujeme komplexn\u00fa pokl\u00e1dku v\u0161etk\u00fdch typov exteri\u00e9rov\u00fdch typov dla\u017eieb.<\/p>\n<a href=\"https:\/\/www.kacerdlazby.sk\/?page_id=766\" > \n \n <\/a> \n <h3> <a href=\"https:\/\/www.kacerdlazby.sk\/?page_id=766\">Po\u017ei\u010dov\u0148a<\/a> <\/h3> <p>V na\u0161ej ponuke n\u00e1jdete r\u00f4zne druhy strojov a n\u00e1radia na vypo\u017ei\u010danie.<\/p>\n<a href=\"https:\/\/www.kacerdlazby.sk\/?page_id=1035\" > \n \n <\/a> \n <h3> <a href=\"https:\/\/www.kacerdlazby.sk\/?page_id=1035\">Zemn\u00e9 a v\u00fdkopov\u00e9 pr\u00e1ce<\/a> <\/h3> <p>Pon\u00fakame profesion\u00e1lnu pr\u00e1cu so \u0161peci\u00e1lnymi strojmi ur\u010den\u00fdmi na zemn\u00e9 a v\u00fdkopov\u00e9 pr\u00e1ce.<\/p><!--\/themify_builder_static--><\/p>","protected":false},"excerpt":{"rendered":"<p>Dla\u017eby K\u00e1\u010derV\u0161etko pre Va\u0161u dla\u017ebu, a e\u0161te viac Presk\u00famajte na\u0161e mo\u017enosti Kontaktujte n\u00e1s 0917 145 718 kacerjaro@gmail.com Adresa K\u00e1\u010der JaroslavForg\u00e1\u010dov 233Orovnica 966 52 Bankov\u00e9 \u00fadaje I\u010cO: 40534014I\u010cO DPH: SK1048576067\u010d.u.: 2622791686\/1100 O n\u00e1sToto je n\u00e1\u0161 pr\u00edbeh Firma K\u00e1\u010der sa zaober\u00e1 pokl\u00e1dkou z\u00e1mkov\u00fdch dla\u017eieb, ve\u013ekoform\u00e1tov\u00fdch bet\u00f3nov\u00fdch dla\u017eieb a v\u00fdstavbou bet\u00f3nov\u00fdch plotov\u00fdch syst\u00e9mov. Bola zalo\u017een\u00e1 v roku 2003 [&hellip;]<\/p>\n","protected":false},"author":1,"featured_media":0,"parent":0,"menu_order":0,"comment_status":"closed","ping_status":"closed","template":"","meta":[],"_links":{"self":[{"href":"https:\/\/www.kacerdlazby.sk\/index.php?rest_route=\/wp\/v2\/pages\/892"}],"collection":[{"href":"https:\/\/www.kacerdlazby.sk\/index.php?rest_route=\/wp\/v2\/pages"}],"about":[{"href":"https:\/\/www.kacerdlazby.sk\/index.php?rest_route=\/wp\/v2\/types\/page"}],"author":[{"embeddable":true,"href":"https:\/\/www.kacerdlazby.sk\/index.php?rest_route=\/wp\/v2\/users\/1"}],"replies":[{"embeddable":true,"href":"https:\/\/www.kacerdlazby.sk\/index.php?rest_route=%2Fwp%2Fv2%2Fcomments&post=892"}],"version-history":[{"count":31,"href":"https:\/\/www.kacerdlazby.sk\/index.php?rest_route=\/wp\/v2\/pages\/892\/revisions"}],"predecessor-version":[{"id":1249,"href":"https:\/\/www.kacerdlazby.sk\/index.php?rest_route=\/wp\/v2\/pages\/892\/revisions\/1249"}],"wp:attachment":[{"href":"https:\/\/www.kacerdlazby.sk\/index.php?rest_route=%2Fwp%2Fv2%2Fmedia&parent=892"}],"curies":[{"name":"wp","href":"https:\/\/api.w.org\/{rel}","templated":true}]}}