{"id":891,"date":"2019-02-13T07:32:02","date_gmt":"2019-02-13T07:32:02","guid":{"rendered":"https:\/\/themify.me\/demo\/themes\/ultra-coffee\/?page_id=232"},"modified":"2024-04-01T11:50:44","modified_gmt":"2024-04-01T09:50:44","slug":"kontakt","status":"publish","type":"page","link":"https:\/\/www.kacerdlazby.sk\/?page_id=891","title":{"rendered":"Kontakt"},"content":{"rendered":"\r\n<p><!--themify_builder_static--><h1>Kontaktujte n\u00e1s<br\/><\/h1>\n<img decoding=\"async\" loading=\"lazy\" width=\"300\" height=\"21\" src=\"https:\/\/www.kacerdlazby.sk\/wp-content\/uploads\/2019\/06\/final-divider.png\" title=\"final-divider\" alt=\"final-divider\">\n<h3>Adresa<br\/><\/h3>\n<img decoding=\"async\" loading=\"lazy\" width=\"300\" height=\"21\" src=\"https:\/\/www.kacerdlazby.sk\/wp-content\/uploads\/2019\/06\/final-divider.png\" title=\"final-divider\" alt=\"final-divider\">\n<p style=\"text-align: center;\">K\u00e1\u010der Jaroslav; Orovnica 233; 966 52<br \/>I\u010cO: 40534014<br \/>I\u010cO DPH: SK1048576067<br \/>\u010d.u.: 2622791686\/1100<br \/>tel.: <a href=\"tel:0917145718\">0917 145 718<\/a><br \/>E-mail: <a href=\"mailto:kacerjaro@gmail.com\">kacerjaro@gmail.com<\/a><\/p><!--\/themify_builder_static--><\/p>","protected":false},"excerpt":{"rendered":"<p>Kontaktujte n\u00e1s Adresa K\u00e1\u010der Jaroslav; Orovnica 233; 966 52I\u010cO: 40534014I\u010cO DPH: SK1048576067\u010d.u.: 2622791686\/1100tel.: 0917 145 718E-mail: kacerjaro@gmail.com<\/p>\n","protected":false},"author":1,"featured_media":0,"parent":0,"menu_order":0,"comment_status":"closed","ping_status":"closed","template":"","meta":[],"_links":{"self":[{"href":"https:\/\/www.kacerdlazby.sk\/index.php?rest_route=\/wp\/v2\/pages\/891"}],"collection":[{"href":"https:\/\/www.kacerdlazby.sk\/index.php?rest_route=\/wp\/v2\/pages"}],"about":[{"href":"https:\/\/www.kacerdlazby.sk\/index.php?rest_route=\/wp\/v2\/types\/page"}],"author":[{"embeddable":true,"href":"https:\/\/www.kacerdlazby.sk\/index.php?rest_route=\/wp\/v2\/users\/1"}],"replies":[{"embeddable":true,"href":"https:\/\/www.kacerdlazby.sk\/index.php?rest_route=%2Fwp%2Fv2%2Fcomments&post=891"}],"version-history":[{"count":21,"href":"https:\/\/www.kacerdlazby.sk\/index.php?rest_route=\/wp\/v2\/pages\/891\/revisions"}],"predecessor-version":[{"id":1270,"href":"https:\/\/www.kacerdlazby.sk\/index.php?rest_route=\/wp\/v2\/pages\/891\/revisions\/1270"}],"wp:attachment":[{"href":"https:\/\/www.kacerdlazby.sk\/index.php?rest_route=%2Fwp%2Fv2%2Fmedia&parent=891"}],"curies":[{"name":"wp","href":"https:\/\/api.w.org\/{rel}","templated":true}]}}