{"id":768,"date":"2019-06-19T23:51:48","date_gmt":"2019-06-19T21:51:48","guid":{"rendered":"https:\/\/planaxis.space\/?page_id=768"},"modified":"2019-07-04T14:04:44","modified_gmt":"2019-07-04T12:04:44","slug":"cennik","status":"publish","type":"page","link":"https:\/\/www.kacerdlazby.sk\/?page_id=768","title":{"rendered":"Cenn\u00edk"},"content":{"rendered":"<p><!--themify_builder_static--><\/p>\n<h1>Cenn\u00edk<br \/><\/h1>\n<p><img decoding=\"async\" src=\"https:\/\/www.kacerdlazby.sk\/wp-content\/uploads\/2019\/06\/final-divider.png\" alt=\"final-divider\" \/><\/p>\n<h5>Cenov\u00fa ponuku V\u00e1m vypracujeme zdarma.<br \/>Rozpo\u010det cien vypracujeme po zmeran\u00ed z\u00e1kazky.<br \/>Ostatn\u00e9 ceny slu\u017eieb a materi\u00e1lov sa vyprac\u00favaj\u00fa individu\u00e1lne po dohodnut\u00ed a zmeran\u00ed z\u00e1kazky.<\/h5>\n<p><a href=\"https:\/\/www.kacerdlazby.sk\/wp-content\/uploads\/2019\/06\/cennik-pokladky-zamkovej-dlazby-a-stavebnych-prac.pdf\" target=\"_blank\" rel=\"noopener noreferrer\" > <\/p>\n<p> <\/a> <\/p>\n<h3> <a href=\"https:\/\/www.kacerdlazby.sk\/wp-content\/uploads\/2019\/06\/cennik-pokladky-zamkovej-dlazby-a-stavebnych-prac.pdf\" target=\"_blank\" rel=\"noopener noreferrer\">Stiahnu\u0165<\/a> <\/h3>\n<p>Cenn\u00edk pokl\u00e1dky z\u00e1mkovej dla\u017eby a stavebn\u00fdch pr\u00e1c<\/p>\n<p><a href=\"https:\/\/www.kacerdlazby.sk\/wp-content\/uploads\/2019\/06\/cennik-cistenia-dlazdenych-ploch-a-plotov.pdf\" target=\"_blank\" rel=\"noopener noreferrer\" > <\/p>\n<p> <\/a> <\/p>\n<h3> <a href=\"https:\/\/www.kacerdlazby.sk\/wp-content\/uploads\/2019\/06\/cennik-cistenia-dlazdenych-ploch-a-plotov.pdf\" target=\"_blank\" rel=\"noopener noreferrer\">Stiahnu\u0165<\/a> <\/h3>\n<p>Cenn\u00edk \u010distenia dl\u00e1\u017edenn\u00fdch pl\u00f4ch a plotov<\/p>\n<p><a href=\"https:\/\/www.kacerdlazby.sk\/wp-content\/uploads\/2019\/06\/cennik-zapozicania-naradia-na-pokladku-dlazby.pdf\" target=\"_blank\" rel=\"noopener noreferrer\" > <\/p>\n<p> <\/a> <\/p>\n<h3> <a href=\"https:\/\/www.kacerdlazby.sk\/wp-content\/uploads\/2019\/06\/cennik-zapozicania-naradia-na-pokladku-dlazby.pdf\" target=\"_blank\" rel=\"noopener noreferrer\">Stiahnu\u0165<\/a> <\/h3>\n<p>Cenn\u00edk zapo\u010di\u010dania n\u00e1radia na pokl\u00e1dku dla\u017eby<\/p>\n<p><a href=\"https:\/\/www.kacerdlazby.sk\/wp-content\/uploads\/2019\/06\/cennik-zapozicania-naradia-na-cistenie-dlazby.pdf\" target=\"_blank\" rel=\"noopener noreferrer\" > <\/p>\n<p> <\/a> <\/p>\n<h3> <a href=\"https:\/\/www.kacerdlazby.sk\/wp-content\/uploads\/2019\/06\/cennik-zapozicania-naradia-na-cistenie-dlazby.pdf\" target=\"_blank\" rel=\"noopener noreferrer\">Stiahnu\u0165<\/a> <\/h3>\n<p>Cenn\u00edk zapo\u017ei\u010dania n\u00e1radia na \u010distenie dla\u017eby<\/p>\n<p><!--\/themify_builder_static--><\/p>\n","protected":false},"excerpt":{"rendered":"<p>Cenn\u00edk Cenov\u00fa ponuku V\u00e1m vypracujeme zdarma.Rozpo\u010det cien vypracujeme po zmeran\u00ed z\u00e1kazky.Ostatn\u00e9 ceny slu\u017eieb a materi\u00e1lov sa vyprac\u00favaj\u00fa individu\u00e1lne po dohodnut\u00ed a zmeran\u00ed z\u00e1kazky. Stiahnu\u0165 Cenn\u00edk pokl\u00e1dky z\u00e1mkovej dla\u017eby a stavebn\u00fdch pr\u00e1c Stiahnu\u0165 Cenn\u00edk \u010distenia dl\u00e1\u017edenn\u00fdch pl\u00f4ch a plotov Stiahnu\u0165 Cenn\u00edk zapo\u010di\u010dania n\u00e1radia na pokl\u00e1dku dla\u017eby Stiahnu\u0165 Cenn\u00edk zapo\u017ei\u010dania n\u00e1radia na \u010distenie dla\u017eby<\/p>\n","protected":false},"author":1,"featured_media":0,"parent":0,"menu_order":0,"comment_status":"closed","ping_status":"closed","template":"","meta":[],"_links":{"self":[{"href":"https:\/\/www.kacerdlazby.sk\/index.php?rest_route=\/wp\/v2\/pages\/768"}],"collection":[{"href":"https:\/\/www.kacerdlazby.sk\/index.php?rest_route=\/wp\/v2\/pages"}],"about":[{"href":"https:\/\/www.kacerdlazby.sk\/index.php?rest_route=\/wp\/v2\/types\/page"}],"author":[{"embeddable":true,"href":"https:\/\/www.kacerdlazby.sk\/index.php?rest_route=\/wp\/v2\/users\/1"}],"replies":[{"embeddable":true,"href":"https:\/\/www.kacerdlazby.sk\/index.php?rest_route=%2Fwp%2Fv2%2Fcomments&post=768"}],"version-history":[{"count":19,"href":"https:\/\/www.kacerdlazby.sk\/index.php?rest_route=\/wp\/v2\/pages\/768\/revisions"}],"predecessor-version":[{"id":1092,"href":"https:\/\/www.kacerdlazby.sk\/index.php?rest_route=\/wp\/v2\/pages\/768\/revisions\/1092"}],"wp:attachment":[{"href":"https:\/\/www.kacerdlazby.sk\/index.php?rest_route=%2Fwp%2Fv2%2Fmedia&parent=768"}],"curies":[{"name":"wp","href":"https:\/\/api.w.org\/{rel}","templated":true}]}}