{"id":766,"date":"2019-06-19T23:51:27","date_gmt":"2019-06-19T21:51:27","guid":{"rendered":"https:\/\/planaxis.space\/?page_id=766"},"modified":"2022-04-10T17:46:41","modified_gmt":"2022-04-10T15:46:41","slug":"pozicovna-naradia","status":"publish","type":"page","link":"https:\/\/www.kacerdlazby.sk\/?page_id=766","title":{"rendered":"Po\u017ei\u010dov\u0148a n\u00e1radia"},"content":{"rendered":"<p><!--themify_builder_static--><\/p>\n<h1>Po\u017ei\u010dov\u0148a n\u00e1radia<br \/><\/h1>\n<p><img decoding=\"async\" loading=\"lazy\" width=\"300\" height=\"21\" src=\"https:\/\/www.kacerdlazby.sk\/wp-content\/uploads\/2019\/06\/final-divider.png\" title=\"final-divider\" alt=\"final-divider\"><\/p>\n<h2>Ako si vypo\u017ei\u010da\u0165?<\/h2>\n<p>Po vybrat\u00ed po\u017eadovan\u00e9ho stroja z na\u0161ej ponuky n\u00e1radia na\u00a0<a href=\"https:\/\/www.kacerdlazby.sk\/wp-content\/uploads\/2019\/06\/cennik-zapozicania-naradia-na-cistenie-dlazby.pdf\" target=\"_blank\" rel=\"noopener\">\u010distenie<\/a>\u00a0alebo\u00a0<a href=\"https:\/\/www.kacerdlazby.sk\/wp-content\/uploads\/2019\/06\/cennik-zapozicania-naradia-na-pokladku-dlazby.pdf\" target=\"_blank\" rel=\"noopener\">pokl\u00e1dku<\/a>\u00a0dla\u017eby ma pros\u00edm kontaktujte na tel. \u010d.\u00a0<a href=\"tel:0917145718\">0917 145 718<\/a>\u00a0alebo emailom na\u00a0<a href=\"mailto:kacerjaro@gmail.com\">kacerjaro@gmail.com<\/a>\u00a0aby som V\u00e1s vedel informova\u0165, \u010di je vybrat\u00fd stroj k dispoz\u00edcii.<\/p>\n<p><a href=\"https:\/\/www.kacerdlazby.sk\/wp-content\/uploads\/2019\/06\/cennik-zapozicania-naradia-na-cistenie-dlazby.pdf\" target=\"_blank\" rel=\"noopener\"> <em style=\"color:#000\"><svg aria-hidden=\"true\"><use href=\"#tf-ti-paint-bucket\"><\/use><\/svg><\/em> <\/a> <\/p>\n<h3> <a href=\"https:\/\/www.kacerdlazby.sk\/wp-content\/uploads\/2019\/06\/cennik-zapozicania-naradia-na-cistenie-dlazby.pdf\" target=\"_blank\" rel=\"noopener\">N\u00e1radie na \u010distenie dla\u017eby<\/a> <\/h3>\n<p><a href=\"https:\/\/www.kacerdlazby.sk\/wp-content\/uploads\/2019\/06\/cennik-zapozicania-naradia-na-pokladku-dlazby.pdf\" target=\"_blank\" rel=\"noopener\"> <em style=\"color:#000\"><svg aria-hidden=\"true\"><use href=\"#tf-ti-layout\"><\/use><\/svg><\/em> <\/a> <\/p>\n<h3> <a href=\"https:\/\/www.kacerdlazby.sk\/wp-content\/uploads\/2019\/06\/cennik-zapozicania-naradia-na-pokladku-dlazby.pdf\" target=\"_blank\" rel=\"noopener\">N\u00e1radie na pokl\u00e1dku dla\u017eby<\/a> <\/h3>\n<form action=\"https:\/\/www.kacerdlazby.sk\/wp-admin\/admin-ajax.php\" id=\"tb_rn6s921-form\" method=\"post\"> <label for=\"tb_rn6s921-contact-name\">Meno *<\/label> <input type=\"text\" name=\"contact-name\" placeholder=\"\" id=\"tb_rn6s921-contact-name\" value=\"\" required\/> <label for=\"tb_rn6s921-contact-email\">Email *<\/label> <input type=\"text\" name=\"contact-email\" placeholder=\"\" id=\"tb_rn6s921-contact-email\" value=\"\" required \/> <label for=\"tb_rn6s921-contact-message\">Spr\u00e1va *<\/label> <textarea name=\"contact-message\" placeholder=\"\" id=\"tb_rn6s921-contact-message\" rows=\"8\" cols=\"45\" required><\/textarea> <label for=\"field_extra_0\"> N\u00e1radie <input type=\"hidden\" name=\"field_extra_name_0\" value=\"N\u00e1radie\"\/> <\/label> <label> <input type=\"checkbox\" name=\"field_extra_0[]\" value=\"Um\u00fdvacie zariadenie PROBST\" \/> Um\u00fdvacie zariadenie PROBST <\/label> <label> <input type=\"checkbox\" name=\"field_extra_0[]\" value=\"VYSOKOTLAK\u00dd \u010cISTI\u010c bez ohrevu 150 bar\" \/> VYSOKOTLAK\u00dd \u010cISTI\u010c bez ohrevu 150 bar <\/label> <label> <input type=\"checkbox\" name=\"field_extra_0[]\" value=\"POKLADACIE KLIE\u0160TE NA OBRUBN\u00cdKY PROBST dvojmu\u017en\u00e9 pozd\u013a\u017ene\" \/> POKLADACIE KLIE\u0160TE NA OBRUBN\u00cdKY PROBST dvojmu\u017en\u00e9 pozd\u013a\u017ene <\/label> <label> <input type=\"checkbox\" name=\"field_extra_0[]\" value=\"POKLADACIE KLIE\u0160TE NA OBRUBN\u00cdKY PROBST dvojmu\u017en\u00e9 prie\u010dne\" \/> POKLADACIE KLIE\u0160TE NA OBRUBN\u00cdKY PROBST dvojmu\u017en\u00e9 prie\u010dne <\/label> <label> <input type=\"checkbox\" name=\"field_extra_0[]\" value=\"Stolov\u00e1 reza\u010dka na bet\u00f3nov\u00fa dla\u017ebu (vodn\u00e9 chladenie)\" \/> Stolov\u00e1 reza\u010dka na bet\u00f3nov\u00fa dla\u017ebu (vodn\u00e9 chladenie) <\/label> <label> <input type=\"checkbox\" name=\"field_extra_0[]\" value=\"V\u00c1KUOV\u00c9 PREN\u00c1\u0160ACIE ZAR. SPEEDY\" \/> V\u00c1KUOV\u00c9 PREN\u00c1\u0160ACIE ZAR. SPEEDY <\/label> <label> <input type=\"checkbox\" name=\"field_extra_0[]\" value=\"DOSKA pre SPEEDY 75kg\" \/> DOSKA pre SPEEDY 75kg <\/label> <label> <input type=\"checkbox\" name=\"field_extra_0[]\" value=\"DOSKA pre SPEEDY 120kg\" \/> DOSKA pre SPEEDY 120kg <\/label> <button type=\"submit\"> Odosla\u0165 <\/button> <\/form>\n<h2>Po preveren\u00ed dostupnosti stroja z\u00e1kazn\u00edk predklad\u00e1:<\/h2>\n<h4>Fyzick\u00e1 osoba &#8211; nepodnikate\u013e:<\/h4>\n<ul>\n<li>1. ob\u010diansky preukaz<\/li>\n<li>2. in\u00fd doklad toto\u017enosti (vodi\u010dsk\u00fd preukaz, karta poistenca)<\/li>\n<li>3. finan\u010dn\u00e1 z\u00e1loha (pod\u013ea v\u00fd\u0161ky z\u00e1lohy v cenn\u00edku)<\/li>\n<\/ul>\n<h4>Fyzick\u00e1 osoba &#8211; podnikate\u013e:<\/h4>\n<ul>\n<li>1. \u017eivnostensk\u00fd list + ob\u010diansky preukaz<\/li>\n<li>2. pe\u010diatka<\/li>\n<li>3. finan\u010dn\u00e1 z\u00e1loha (pod\u013ea v\u00fd\u0161ky z\u00e1lohy v cenn\u00edku)<\/li>\n<\/ul>\n<h4>Pr\u00e1vnick\u00e1 osoba:<\/h4>\n<ul>\n<li>1. v\u00fdpis z obchodn\u00e9ho registra nie star\u0161\u00ed ako 3 mesiace + ob\u010diansky preukaz konate\u013ea<\/li>\n<li>2. pe\u010diatka<\/li>\n<li>3. finan\u010dn\u00e1 z\u00e1loha (pod\u013ea v\u00fd\u0161ky z\u00e1lohy v cenn\u00edku)<\/li>\n<\/ul>\n<p>Po prehliadke a odsk\u00fa\u0161an\u00ed stroja sa uzavrie zmluva o pren\u00e1jme a predlo\u017eia sa vy\u0161\u0161ie uveden\u00e9 n\u00e1le\u017eitosti.<\/p>\n<p>Z\u00e1loha sa odovzd\u00e1 pri podpise zmluvy o pren\u00e1jme stroja a po vr\u00e1ten\u00ed stroja bude vr\u00e1ten\u00e1 (v pr\u00edpade po\u0161kodenia stroja bude v\u00fd\u0161ka po\u0161kodenia odr\u00e1tan\u00e1 zo z\u00e1lohy). Zmluva sa uzatv\u00e1ra min. na 1 de\u0148 (24 hod.). Pr\u00edklad: ak je stroj vypo\u017ei\u010dan\u00fd od 8:00 r\u00e1no, mus\u00ed by\u0165 vr\u00e1ten\u00fd do 8:00 nasleduj\u00faceho d\u0148a. Po vr\u00e1ten\u00ed stroja sa z\u00e1kazn\u00edkovi vr\u00e1ti z\u00e1loha na z\u00e1klade predlo\u017een\u00e9ho dokumentu, ktor\u00fd bol vyp\u00edsan\u00fd pri odovzd\u00e1van\u00ed stroja. Za po\u0161kodenie sa nepova\u017euje prirodzen\u00e9 opotrebovanie ako napr. uhl\u00edky, ostros\u0165 n\u00e1stroja a podobn\u00e9. Po\u0161koden\u00edm sa mysl\u00ed po\u0161kodenie odlomen\u00edm, zlomen\u00edm, pre\u0165a\u017een\u00edm, \u00fapravou k in\u00e9mu \u00fa\u010delu ako je vyroben\u00fd alebo neodborn\u00fdm z\u00e1sahom do pevne uzavret\u00fdch \u010dast\u00ed stroja).<\/p>\n<p>Cenn\u00edk a pon\u00fakan\u00e9 n\u00e1radie na \u010distenie dla\u017eby si m\u00f4\u017eete stiahnu\u0165 na <a href=\"https:\/\/www.kacerdlazby.sk\/wp-content\/uploads\/2019\/06\/cennik-zapozicania-naradia-na-cistenie-dlazby.pdf\" target=\"_blank\" rel=\"noopener\">nasleduj\u00facom\u00a0odkaze<\/a>.<br \/>Cenn\u00edk a pon\u00fakan\u00e9 n\u00e1radie na pokl\u00e1dku dla\u017eby vr\u00e1tane \u0161peci\u00e1lneho n\u00e1radia pre v\u00fdstavbu gabionov\u00fdch stien si m\u00f4\u017eete stiahnu\u0165 na <a href=\"https:\/\/www.kacerdlazby.sk\/wp-content\/uploads\/2019\/06\/cennik-zapozicania-naradia-na-pokladku-dlazby.pdf\" target=\"_blank\" rel=\"noopener\">nasleduj\u00facom\u00a0odkaze<\/a>.<\/p>\n<p><!--\/themify_builder_static--><\/p>\n","protected":false},"excerpt":{"rendered":"<p>Po\u017ei\u010dov\u0148a n\u00e1radia Ako si vypo\u017ei\u010da\u0165? Po vybrat\u00ed po\u017eadovan\u00e9ho stroja z na\u0161ej ponuky n\u00e1radia na\u00a0\u010distenie\u00a0alebo\u00a0pokl\u00e1dku\u00a0dla\u017eby ma pros\u00edm kontaktujte na tel. \u010d.\u00a00917 145 718\u00a0alebo emailom na\u00a0kacerjaro@gmail.com\u00a0aby som V\u00e1s vedel informova\u0165, \u010di je vybrat\u00fd stroj k dispoz\u00edcii. N\u00e1radie na \u010distenie dla\u017eby N\u00e1radie na pokl\u00e1dku dla\u017eby Meno * Email * Spr\u00e1va * N\u00e1radie Um\u00fdvacie zariadenie PROBST VYSOKOTLAK\u00dd \u010cISTI\u010c bez [&hellip;]<\/p>\n","protected":false},"author":1,"featured_media":0,"parent":0,"menu_order":0,"comment_status":"closed","ping_status":"closed","template":"","meta":[],"_links":{"self":[{"href":"https:\/\/www.kacerdlazby.sk\/index.php?rest_route=\/wp\/v2\/pages\/766"}],"collection":[{"href":"https:\/\/www.kacerdlazby.sk\/index.php?rest_route=\/wp\/v2\/pages"}],"about":[{"href":"https:\/\/www.kacerdlazby.sk\/index.php?rest_route=\/wp\/v2\/types\/page"}],"author":[{"embeddable":true,"href":"https:\/\/www.kacerdlazby.sk\/index.php?rest_route=\/wp\/v2\/users\/1"}],"replies":[{"embeddable":true,"href":"https:\/\/www.kacerdlazby.sk\/index.php?rest_route=%2Fwp%2Fv2%2Fcomments&post=766"}],"version-history":[{"count":14,"href":"https:\/\/www.kacerdlazby.sk\/index.php?rest_route=\/wp\/v2\/pages\/766\/revisions"}],"predecessor-version":[{"id":1261,"href":"https:\/\/www.kacerdlazby.sk\/index.php?rest_route=\/wp\/v2\/pages\/766\/revisions\/1261"}],"wp:attachment":[{"href":"https:\/\/www.kacerdlazby.sk\/index.php?rest_route=%2Fwp%2Fv2%2Fmedia&parent=766"}],"curies":[{"name":"wp","href":"https:\/\/api.w.org\/{rel}","templated":true}]}}