{"id":764,"date":"2019-06-19T23:51:09","date_gmt":"2019-06-19T21:51:09","guid":{"rendered":"https:\/\/planaxis.space\/?page_id=764"},"modified":"2022-04-10T17:47:08","modified_gmt":"2022-04-10T15:47:08","slug":"pokladka-dlazby","status":"publish","type":"page","link":"https:\/\/www.kacerdlazby.sk\/?page_id=764","title":{"rendered":"Pokl\u00e1dka dla\u017eby"},"content":{"rendered":"<p><!--themify_builder_static--><\/p>\n<h1>Kladenie z\u00e1mkovej dla\u017eby<br \/><\/h1>\n<p><img decoding=\"async\" loading=\"lazy\" width=\"300\" height=\"21\" src=\"https:\/\/www.kacerdlazby.sk\/wp-content\/uploads\/2019\/06\/final-divider.png\" title=\"final-divider\" alt=\"final-divider\"><\/p>\n<p>Realizujeme komplexn\u00fa pokl\u00e1dku v\u0161etk\u00fdch typov exteri\u00e9rov\u00fdch typov dla\u017eieb.<\/p>\n<p>Pri v\u00fdbere bet\u00f3nov\u00fdch v\u00fdrobkov si treba uvedomi\u0165, \u017ee dla\u017ebu budete u\u017e\u00edva\u0165 ve\u013ea rokov a denne ju budete ma\u0165 na o\u010diach, pri jej v\u00fdbere V\u00e1m poradia odborn\u00fd pracovn\u00edci v\u00fdrobcu, n\u00e1vrh a grafick\u00e9 spracovanie z\u00e1hradn\u00fd alebo mestsk\u00fd architekti. Nemenej d\u00f4le\u017eit\u00e1 je aj profesionalita pri pokl\u00e1dke a samotnej realiz\u00e1cii V\u00e1\u0161ho diela. Na\u0161a firma sa m\u00f4\u017ee p\u00fd\u0161i\u0165 dlhoro\u010dn\u00fdmi sk\u00fasenos\u0165ami a mnoh\u00fdmi referenciami realizovan\u00fdch stavieb, \u010di u\u017e s\u00fa to priemyseln\u00e9 objekty, cestn\u00e9 stavby a parkovisk\u00e1 alebo okolia rodinn\u00fdch domov.<\/p>\n<p>Pri pokl\u00e1dke dla\u017eby dodr\u017eujeme z\u00e1kladn\u00e9 z\u00e1sady kladenia bet\u00f3novej dla\u017eby ktor\u00e9 s\u00fa dostupn\u00e9 na <a href=\"https:\/\/www.kacerdlazby.sk\/wp-content\/uploads\/2019\/06\/hlavne-zasady-pri-pokladke-dlazby.pdf\" target=\"_blank\" rel=\"noopener\">nasleduj\u00facom\u00a0odkaze<\/a>.<\/p>\n<h1>V\u00fdstavba oplotenia<br \/><\/h1>\n<p><img decoding=\"async\" loading=\"lazy\" width=\"300\" height=\"21\" src=\"https:\/\/www.kacerdlazby.sk\/wp-content\/uploads\/2019\/06\/final-divider.png\" title=\"final-divider\" alt=\"final-divider\"><\/p>\n<p>Realizujeme odborn\u00fa v\u00fdstavbu a mont\u00e1\u017e v\u0161etk\u00fdch druhov oploten\u00ed.<\/p>\n<p>Va\u0161e predstavy a potreby odkonzultujeme a po osobnej obhliadke, zameran\u00ed a v\u00fdbere materi\u00e1lu V\u00e1m zdarma vypracujeme cenov\u00fa ponuku na materi\u00e1l a realiz\u00e1ciu. \u0160tiepan\u00e9 tv\u00e1rnice V\u00fdsostne atrakt\u00edvne oplotenie v\u00e1\u0161ho domu alebo z\u00e1hrady pon\u00fakaj\u00fa \u0161tiepan\u00e9 plotov\u00e9 tv\u00e1rnice. Nepravidelne \u0161tiepan\u00e9 poh\u013eadov\u00e9 plochy na \u010delnej a zadnej strane plotov\u00fdch tv\u00e1rnic a t\u00f3novan\u00e1 farba robia z ka\u017ed\u00e9ho prvku unik\u00e1t. Ved\u013ea svojej p\u00f4vodnej funkcii z\u00edskavaj\u00fa tvarovo kr\u00e1sne a prirodzene p\u00f4sobiace z\u00e1hradn\u00e9 steny \u010doraz viac na v\u00fdzname. S\u00fa dekorat\u00edvne, opticky v\u00fdrazn\u00e9 a mo\u017eno ich integrova\u0165 takmer do ka\u017edej z\u00e1hrady a krajiny. Ot\u013akan\u00e9 tv\u00e1rnice Arcadia, Duvar Antico res. Duvar light Technol\u00f3gia umo\u017e\u0148uje stava\u0165 tradi\u010dn\u00fdm sp\u00f4sobom maxim\u00e1lne presne a kvalitne. Tvarovky s\u00fa vyr\u00e1ban\u00e9 z pr\u00edrodn\u00fdch materi\u00e1lov \u2013 drven\u00e9ho kame\u0148a, piesku a cementu. r\u00f4znych farieb. V pr\u00eddavnom pracovnom kroku s\u00fa opracovan\u00e9 rohy a hrany, \u010d\u00edm kamene z\u00edskaj\u00fa rustik\u00e1lny vzh\u013ead. V\u00fdrobky l\u00ednie Antico light tak presved\u010dia svojim pr\u00edrodn\u00fdm vzh\u013eadom. \u0160irok\u00e1 paleta rozmerov a farieb umo\u017e\u0148uje vytvori\u0165 architektonicky p\u00f4sobiv\u00e9 rie\u0161enia \u2013 tak v s\u00fakromn\u00fdch z\u00e1hrad\u00e1ch ako aj pri renov\u00e1cii obc\u00ed a miest.<\/p>\n<h2>Realizujeme a dod\u00e1vame ploty a oplotenie:<\/h2>\n<ul>\n<li>okrasn\u00e9 ploty zo \u0161tiepan\u00fdch, hladk\u00fdch alebo ot\u013akan\u00fdch tv\u00e1rnic<\/li>\n<li>ploty zo \u0161alovac\u00edch tv\u00e1rnic<\/li>\n<\/ul>\n<h2>Bet\u00f3nov\u00fd plot a jeho v\u00fdhody<\/h2>\n<ul>\n<li>murovan\u00e9 ploty z bet\u00f3nov\u00fdch tv\u00e1rnic s\u00fa jednoduch\u00e9 na mont\u00e1\u017e, bez\u00fadr\u017ebov\u00e9, nepotrebuj\u00fa \u017eiadnu mimoriadnu starostlivos\u0165 ako in\u00e9 ploty<\/li>\n<li>bet\u00f3nov\u00e9 ploty s\u00fa odoln\u00e9 vo\u010di poveternostn\u00fdm podmienkam, vo\u010di vetru, snehu, \u013eadu a pod.<\/li>\n<li>vytv\u00e1ra s\u00fakromie pre majite\u013eov oplotenia a zabezpe\u010duje majetok pred cudz\u00edmi osobami<\/li>\n<li>plotov\u00e9 tv\u00e1rnice svoj\u00edmi technologick\u00fdmi vlastnostiami vytv\u00e1raj\u00fa protihlukov\u00fa bari\u00e9ru od okolia<\/li>\n<li>origin\u00e1lne ohrani\u010denie pozemku, chr\u00e1niace ho pred cudz\u00edmi poh\u013eadmi, navy\u0161e m\u00f4\u017eu bet\u00f3nov\u00e9 ploty sl\u00fa\u017ei\u0165 ako m\u00fary na spevnenie svahu<\/li>\n<\/ul>\n<h1>V\u00fdstavba ter\u00e1s<br \/><\/h1>\n<p><img decoding=\"async\" loading=\"lazy\" width=\"300\" height=\"21\" src=\"https:\/\/www.kacerdlazby.sk\/wp-content\/uploads\/2019\/06\/final-divider.png\" title=\"final-divider\" alt=\"final-divider\"><\/p>\n<h2>Vydl\u00e1\u017edite si terasu, okolie baz\u00e9nu a i z\u00e1hradu<\/h2>\n<p>Exteri\u00e9rov\u00e9 terasy patria k najob\u013e\u00fabenej\u0161\u00edm \u010dastiam domu, kde sa daj\u00fa pr\u00edjemne tr\u00e1vi\u0165 chv\u00edle s rodinou \u010di priate\u013emi hlavne v letnom obdob\u00ed. Terasa by mala by\u0165 v dokonalej symbi\u00f3ze s domom i so z\u00e1hradnou v\u00fdsadbou a kompletn\u00fdm dizajnom prostredia.<\/p>\n<h2>Dla\u017eba na terasu a do z\u00e1hrady<\/h2>\n<p>V\u00fdber najvhodnej\u0161ieho materi\u00e1lu pre exteri\u00e9rov\u00e9 terasy by nemal by\u0165 podce\u0148ovan\u00fd, ke\u010f\u017ee dla\u017eba bude vystavovan\u00e1 poveternostn\u00fdm podmienkam dennodenne. Najd\u00f4le\u017eitej\u0161ie je, aby terasov\u00e9 platne \u010di dla\u017eba do z\u00e1hrady boli mechanick\u00fd odoln\u00e9, proti\u0161mykov\u00e9, farebne st\u00e1le a pr\u00edjemn\u00e9 na chodenie. V\u0161etky tieto d\u00f4le\u017eit\u00e9 krit\u00e9ria sp\u013a\u0148aj\u00fa terasov\u00e9 platne a terasov\u00e1 dla\u017eba z bet\u00f3nu. Terasov\u00e9 platne a dla\u017edice v\u00fdrobcu Citystonedesign ur\u010duj\u00fa trend v architekt\u00fare vonkaj\u0161\u00edch priestorov. Extra ve\u013ek\u00e9 form\u00e1ty sa v\u00fdborne hodia k dotv\u00e1raniu ve\u013ek\u00fdch priestranstiev s obmedzenou pojazdnos\u0165ou. \u010cist\u00e9 l\u00ednie ve\u013ekoplo\u0161n\u00fdch form\u00e1tov garantuj\u00fa \u0161t\u00fdlov\u00fd a modern\u00fd exteri\u00e9rov\u00fd prejav dl\u00e1\u017edenej plochy.<\/p>\n<p><!--\/themify_builder_static--><\/p>\n","protected":false},"excerpt":{"rendered":"<p>Kladenie z\u00e1mkovej dla\u017eby Realizujeme komplexn\u00fa pokl\u00e1dku v\u0161etk\u00fdch typov exteri\u00e9rov\u00fdch typov dla\u017eieb. Pri v\u00fdbere bet\u00f3nov\u00fdch v\u00fdrobkov si treba uvedomi\u0165, \u017ee dla\u017ebu budete u\u017e\u00edva\u0165 ve\u013ea rokov a denne ju budete ma\u0165 na o\u010diach, pri jej v\u00fdbere V\u00e1m poradia odborn\u00fd pracovn\u00edci v\u00fdrobcu, n\u00e1vrh a grafick\u00e9 spracovanie z\u00e1hradn\u00fd alebo mestsk\u00fd architekti. Nemenej d\u00f4le\u017eit\u00e1 je aj profesionalita pri pokl\u00e1dke a [&hellip;]<\/p>\n","protected":false},"author":1,"featured_media":0,"parent":0,"menu_order":0,"comment_status":"closed","ping_status":"closed","template":"","meta":[],"_links":{"self":[{"href":"https:\/\/www.kacerdlazby.sk\/index.php?rest_route=\/wp\/v2\/pages\/764"}],"collection":[{"href":"https:\/\/www.kacerdlazby.sk\/index.php?rest_route=\/wp\/v2\/pages"}],"about":[{"href":"https:\/\/www.kacerdlazby.sk\/index.php?rest_route=\/wp\/v2\/types\/page"}],"author":[{"embeddable":true,"href":"https:\/\/www.kacerdlazby.sk\/index.php?rest_route=\/wp\/v2\/users\/1"}],"replies":[{"embeddable":true,"href":"https:\/\/www.kacerdlazby.sk\/index.php?rest_route=%2Fwp%2Fv2%2Fcomments&post=764"}],"version-history":[{"count":10,"href":"https:\/\/www.kacerdlazby.sk\/index.php?rest_route=\/wp\/v2\/pages\/764\/revisions"}],"predecessor-version":[{"id":1262,"href":"https:\/\/www.kacerdlazby.sk\/index.php?rest_route=\/wp\/v2\/pages\/764\/revisions\/1262"}],"wp:attachment":[{"href":"https:\/\/www.kacerdlazby.sk\/index.php?rest_route=%2Fwp%2Fv2%2Fmedia&parent=764"}],"curies":[{"name":"wp","href":"https:\/\/api.w.org\/{rel}","templated":true}]}}