{"id":762,"date":"2019-06-19T23:50:58","date_gmt":"2019-06-19T21:50:58","guid":{"rendered":"https:\/\/planaxis.space\/?page_id=762"},"modified":"2022-04-10T17:47:44","modified_gmt":"2022-04-10T15:47:44","slug":"cistenie-dlazby","status":"publish","type":"page","link":"https:\/\/www.kacerdlazby.sk\/?page_id=762","title":{"rendered":"\u010cistenie dla\u017eby"},"content":{"rendered":"<p><!--themify_builder_static--><\/p>\n<h1>\u010cistenie z\u00e1mkovej dla\u017eby<br \/><\/h1>\n<p><img decoding=\"async\" loading=\"lazy\" width=\"300\" height=\"21\" src=\"https:\/\/www.kacerdlazby.sk\/wp-content\/uploads\/2019\/06\/final-divider.png\" title=\"final-divider\" alt=\"final-divider\"><\/p>\n<p>\u010cistenie dla\u017eby a ostatn\u00fdch v\u00fdrobkov pomocou h\u013abkov\u00e9ho um\u00fdvania vysok\u00fdm tlakom vody.<\/p>\n<p>Na\u0161im cie\u013eom je zaisti\u0165 d\u00f4kladn\u00e9 hlbkov\u00e9 vy\u010distenie r\u00f4znych povrchov v exteri\u00e9ry v r\u00e1tane povrchovej ochrany vy\u010disten\u00fdch povrchov a materi\u00e1lov v \u010do najkrat\u0161om \u010dase s dlhodob\u00fdm efektom. Vysokotlakov\u00e9 \u010distenie pon\u00faka viacer\u00e9 mo\u017enosti vyu\u017eitia \u010distenia dla\u017eieb na chodn\u00edkoch a teras\u00e1ch rodinn\u00fdch domov, re\u0161taur\u00e1ci\u00ed, chodn\u00edkov \u010di n\u00e1mest\u00ed vo verejnom sektore. \u010cistenie extr\u00e9mne zne\u010disten\u00fdch pl\u00f4ch parkov\u00edsk r\u00f4znych prev\u00e1dzok, \u010derpac\u00edch stan\u00edc a pod.<\/p>\n<h1>Pon\u00fakame V\u00e1m:<\/h1>\n<ul>\n<li>\n<p>Odstr\u00e1nenie machov, rias, prachu a ne\u010dist\u00f4t sp\u00f4soben\u00fdch smogom, sadzami \u010di \u017eivicami opadan\u00fdmi z kor\u00fan stromov<\/p>\n<\/li>\n<li>\n<p>Odstra\u0148ovanie v\u00fdkvetov, f\u013eakov a \u0161m\u00fah vzniknut\u00fdch dlhodob\u00fdm pou\u017e\u00edvan\u00edm<\/p>\n<\/li>\n<li>\n<p>Doplnenie \u0161p\u00e1r be\u017en\u00fdm kremi\u010dit\u00fdm pieskom<\/p>\n<\/li>\n<li>\n<p>H\u013abkov\u00fa impregn\u00e1ciu (renov\u00e1ciu) a teda povrchov\u00fa ochranu, ktor\u00e1 chr\u00e1ni povrch v\u00fdrobkov pred be\u017en\u00fdmi ne\u010distotami a rastom machov a plesn\u00ed. Ochrana t\u00fdchto pl\u00f4ch nano-pr\u00edpravkami<\/p>\n<\/li>\n<\/ul>\n<p>Vy\u010distenie dla\u017eby, plotu alebo in\u00fdch prvkov je iba prv\u00fdm krokom, impregn\u00e1cia zvy\u0161uje odolnos\u0165 proti poveternostn\u00fdm vplyvom \u2013 t\u00fdmto pred\u00eddete tak potrebe skor\u00e9ho \u010distenia, \u010d\u00edm u\u0161etr\u00edte n\u00e1klady.<\/p>\n<h1>\u010co v\u0161etko \u010dist\u00edme:<\/h1>\n<ul>\n<li>V\u0161etky druhy bet\u00f3nov\u00fdch dla\u017eieb<\/li>\n<li>Palis\u00e1dy a schodiskov\u00e9 prvky<\/li>\n<li>Ploty a kask\u00e1dov\u00e9 prvky<\/li>\n<\/ul>\n<p><!--\/themify_builder_static--><\/p>\n","protected":false},"excerpt":{"rendered":"<p>\u010cistenie z\u00e1mkovej dla\u017eby \u010cistenie dla\u017eby a ostatn\u00fdch v\u00fdrobkov pomocou h\u013abkov\u00e9ho um\u00fdvania vysok\u00fdm tlakom vody. Na\u0161im cie\u013eom je zaisti\u0165 d\u00f4kladn\u00e9 hlbkov\u00e9 vy\u010distenie r\u00f4znych povrchov v exteri\u00e9ry v r\u00e1tane povrchovej ochrany vy\u010disten\u00fdch povrchov a materi\u00e1lov v \u010do najkrat\u0161om \u010dase s dlhodob\u00fdm efektom. Vysokotlakov\u00e9 \u010distenie pon\u00faka viacer\u00e9 mo\u017enosti vyu\u017eitia \u010distenia dla\u017eieb na chodn\u00edkoch a teras\u00e1ch rodinn\u00fdch domov, re\u0161taur\u00e1ci\u00ed, [&hellip;]<\/p>\n","protected":false},"author":1,"featured_media":0,"parent":0,"menu_order":0,"comment_status":"closed","ping_status":"closed","template":"","meta":[],"_links":{"self":[{"href":"https:\/\/www.kacerdlazby.sk\/index.php?rest_route=\/wp\/v2\/pages\/762"}],"collection":[{"href":"https:\/\/www.kacerdlazby.sk\/index.php?rest_route=\/wp\/v2\/pages"}],"about":[{"href":"https:\/\/www.kacerdlazby.sk\/index.php?rest_route=\/wp\/v2\/types\/page"}],"author":[{"embeddable":true,"href":"https:\/\/www.kacerdlazby.sk\/index.php?rest_route=\/wp\/v2\/users\/1"}],"replies":[{"embeddable":true,"href":"https:\/\/www.kacerdlazby.sk\/index.php?rest_route=%2Fwp%2Fv2%2Fcomments&post=762"}],"version-history":[{"count":11,"href":"https:\/\/www.kacerdlazby.sk\/index.php?rest_route=\/wp\/v2\/pages\/762\/revisions"}],"predecessor-version":[{"id":1263,"href":"https:\/\/www.kacerdlazby.sk\/index.php?rest_route=\/wp\/v2\/pages\/762\/revisions\/1263"}],"wp:attachment":[{"href":"https:\/\/www.kacerdlazby.sk\/index.php?rest_route=%2Fwp%2Fv2%2Fmedia&parent=762"}],"curies":[{"name":"wp","href":"https:\/\/api.w.org\/{rel}","templated":true}]}}