{"id":1035,"date":"2019-06-23T18:12:51","date_gmt":"2019-06-23T16:12:51","guid":{"rendered":"https:\/\/planaxis.space\/?page_id=1035"},"modified":"2022-04-10T17:46:18","modified_gmt":"2022-04-10T15:46:18","slug":"zemne-a-vykopove-prace","status":"publish","type":"page","link":"https:\/\/www.kacerdlazby.sk\/?page_id=1035","title":{"rendered":"Zemn\u00e9 a manipula\u010dn\u00e9 pr\u00e1ce"},"content":{"rendered":"<p><!--themify_builder_static--><\/p>\n<h1>Zemn\u00e9 a manipula\u010dn\u00e9 pr\u00e1ce<br \/><\/h1>\n<p><img decoding=\"async\" loading=\"lazy\" width=\"300\" height=\"21\" src=\"https:\/\/www.kacerdlazby.sk\/wp-content\/uploads\/2019\/06\/final-divider.png\" title=\"final-divider\" alt=\"final-divider\"><\/p>\n<p>Vykon\u00e1vame profesion\u00e1lne zemn\u00e9 a manipula\u010dn\u00e9 pr\u00e1ce pomocou \u010deln\u00e9ho naklada\u010da Kramer 750 a minibagru JCB 8050. Po\u017ei\u010diavanie strojov prebieha len po dohode. Pre viac inform\u00e1ci\u00ed ma pros\u00edm kontaktujte na telef\u00f3nnom \u010d\u00edsle <a href=\"tel:0915722522\">0915 722 522<\/a> . V cene nieje zahrnut\u00e1 doprava strojov.<\/p>\n<p>JCB 8050 30\u20ac <\/p>\n<p>za hodinu<\/p>\n<p>Kramer 750 35\u20ac <\/p>\n<p>za hodinu<\/p>\n<h3>JCB 8050<\/h3>\n<div id='gallery-1' class='gallery galleryid-1035 gallery-columns-3 gallery-size-thumbnail'><figure class='gallery-item'>\n\t\t\t<div class='gallery-icon landscape'>\n\t\t\t\t<a href='https:\/\/www.kacerdlazby.sk\/?attachment_id=1145'><img width=\"150\" height=\"150\" src=\"https:\/\/www.kacerdlazby.sk\/wp-content\/uploads\/2019\/07\/IMG_2348-150x150.jpg\" class=\"attachment-thumbnail size-thumbnail\" alt=\"\" decoding=\"async\" loading=\"lazy\" \/><\/a>\n\t\t\t<\/div><\/figure><figure class='gallery-item'>\n\t\t\t<div class='gallery-icon landscape'>\n\t\t\t\t<a href='https:\/\/www.kacerdlazby.sk\/?attachment_id=1146'><img width=\"150\" height=\"150\" src=\"https:\/\/www.kacerdlazby.sk\/wp-content\/uploads\/2019\/07\/IMG_2351-150x150.jpg\" class=\"attachment-thumbnail size-thumbnail\" alt=\"\" decoding=\"async\" loading=\"lazy\" \/><\/a>\n\t\t\t<\/div><\/figure><figure class='gallery-item'>\n\t\t\t<div class='gallery-icon portrait'>\n\t\t\t\t<a href='https:\/\/www.kacerdlazby.sk\/?attachment_id=1147'><img width=\"150\" height=\"150\" src=\"https:\/\/www.kacerdlazby.sk\/wp-content\/uploads\/2019\/07\/IMG_2352-150x150.jpg\" class=\"attachment-thumbnail size-thumbnail\" alt=\"\" decoding=\"async\" loading=\"lazy\" \/><\/a>\n\t\t\t<\/div><\/figure><figure class='gallery-item'>\n\t\t\t<div class='gallery-icon portrait'>\n\t\t\t\t<a href='https:\/\/www.kacerdlazby.sk\/?attachment_id=1148'><img width=\"150\" height=\"150\" src=\"https:\/\/www.kacerdlazby.sk\/wp-content\/uploads\/2019\/07\/IMG_2353-150x150.jpg\" class=\"attachment-thumbnail size-thumbnail\" alt=\"\" decoding=\"async\" loading=\"lazy\" \/><\/a>\n\t\t\t<\/div><\/figure><figure class='gallery-item'>\n\t\t\t<div class='gallery-icon landscape'>\n\t\t\t\t<a href='https:\/\/www.kacerdlazby.sk\/?attachment_id=1149'><img width=\"150\" height=\"150\" src=\"https:\/\/www.kacerdlazby.sk\/wp-content\/uploads\/2019\/07\/IMG_2354-150x150.jpg\" class=\"attachment-thumbnail size-thumbnail\" alt=\"\" decoding=\"async\" loading=\"lazy\" \/><\/a>\n\t\t\t<\/div><\/figure><figure class='gallery-item'>\n\t\t\t<div class='gallery-icon landscape'>\n\t\t\t\t<a href='https:\/\/www.kacerdlazby.sk\/?attachment_id=1150'><img width=\"150\" height=\"150\" src=\"https:\/\/www.kacerdlazby.sk\/wp-content\/uploads\/2019\/07\/IMG_2356-150x150.jpg\" class=\"attachment-thumbnail size-thumbnail\" alt=\"\" decoding=\"async\" loading=\"lazy\" \/><\/a>\n\t\t\t<\/div><\/figure>\n\t\t<\/div>\n\n<h3>Kramer 750<\/h3>\n<p><div id='gallery-2' class='gallery galleryid-1035 gallery-columns-3 gallery-size-thumbnail'><figure class='gallery-item'>\n\t\t\t<div class='gallery-icon portrait'>\n\t\t\t\t<a href='https:\/\/www.kacerdlazby.sk\/?attachment_id=1139'><img width=\"150\" height=\"150\" src=\"https:\/\/www.kacerdlazby.sk\/wp-content\/uploads\/2019\/07\/IMG_2335-150x150.jpg\" class=\"attachment-thumbnail size-thumbnail\" alt=\"\" decoding=\"async\" loading=\"lazy\" \/><\/a>\n\t\t\t<\/div><\/figure><figure class='gallery-item'>\n\t\t\t<div class='gallery-icon portrait'>\n\t\t\t\t<a href='https:\/\/www.kacerdlazby.sk\/?attachment_id=1140'><img width=\"150\" height=\"150\" src=\"https:\/\/www.kacerdlazby.sk\/wp-content\/uploads\/2019\/07\/IMG_2337-150x150.jpg\" class=\"attachment-thumbnail size-thumbnail\" alt=\"\" decoding=\"async\" loading=\"lazy\" \/><\/a>\n\t\t\t<\/div><\/figure><figure class='gallery-item'>\n\t\t\t<div class='gallery-icon landscape'>\n\t\t\t\t<a href='https:\/\/www.kacerdlazby.sk\/?attachment_id=1141'><img width=\"150\" height=\"150\" src=\"https:\/\/www.kacerdlazby.sk\/wp-content\/uploads\/2019\/07\/IMG_2340-150x150.jpg\" class=\"attachment-thumbnail size-thumbnail\" alt=\"\" decoding=\"async\" loading=\"lazy\" \/><\/a>\n\t\t\t<\/div><\/figure><figure class='gallery-item'>\n\t\t\t<div class='gallery-icon landscape'>\n\t\t\t\t<a href='https:\/\/www.kacerdlazby.sk\/?attachment_id=1142'><img width=\"150\" height=\"150\" src=\"https:\/\/www.kacerdlazby.sk\/wp-content\/uploads\/2019\/07\/IMG_2342-150x150.jpg\" class=\"attachment-thumbnail size-thumbnail\" alt=\"\" decoding=\"async\" loading=\"lazy\" \/><\/a>\n\t\t\t<\/div><\/figure><figure class='gallery-item'>\n\t\t\t<div class='gallery-icon landscape'>\n\t\t\t\t<a href='https:\/\/www.kacerdlazby.sk\/?attachment_id=1143'><img width=\"150\" height=\"150\" src=\"https:\/\/www.kacerdlazby.sk\/wp-content\/uploads\/2019\/07\/IMG_2343-150x150.jpg\" class=\"attachment-thumbnail size-thumbnail\" alt=\"\" decoding=\"async\" loading=\"lazy\" \/><\/a>\n\t\t\t<\/div><\/figure><figure class='gallery-item'>\n\t\t\t<div class='gallery-icon landscape'>\n\t\t\t\t<a href='https:\/\/www.kacerdlazby.sk\/?attachment_id=1144'><img width=\"150\" height=\"150\" src=\"https:\/\/www.kacerdlazby.sk\/wp-content\/uploads\/2019\/07\/IMG_2347-150x150.jpg\" class=\"attachment-thumbnail size-thumbnail\" alt=\"\" decoding=\"async\" loading=\"lazy\" \/><\/a>\n\t\t\t<\/div><\/figure>\n\t\t<\/div>\n<!--\/themify_builder_static--><\/p>\n<p>&nbsp;<\/p>\n","protected":false},"excerpt":{"rendered":"<p>Zemn\u00e9 a manipula\u010dn\u00e9 pr\u00e1ce Vykon\u00e1vame profesion\u00e1lne zemn\u00e9 a manipula\u010dn\u00e9 pr\u00e1ce pomocou \u010deln\u00e9ho naklada\u010da Kramer 750 a minibagru JCB 8050. Po\u017ei\u010diavanie strojov prebieha len po dohode. Pre viac inform\u00e1ci\u00ed ma pros\u00edm kontaktujte na telef\u00f3nnom \u010d\u00edsle 0915 722 522 . V cene nieje zahrnut\u00e1 doprava strojov. JCB 8050 30\u20ac za hodinu Kramer 750 35\u20ac za hodinu JCB [&hellip;]<\/p>\n","protected":false},"author":1,"featured_media":0,"parent":0,"menu_order":0,"comment_status":"closed","ping_status":"closed","template":"","meta":[],"_links":{"self":[{"href":"https:\/\/www.kacerdlazby.sk\/index.php?rest_route=\/wp\/v2\/pages\/1035"}],"collection":[{"href":"https:\/\/www.kacerdlazby.sk\/index.php?rest_route=\/wp\/v2\/pages"}],"about":[{"href":"https:\/\/www.kacerdlazby.sk\/index.php?rest_route=\/wp\/v2\/types\/page"}],"author":[{"embeddable":true,"href":"https:\/\/www.kacerdlazby.sk\/index.php?rest_route=\/wp\/v2\/users\/1"}],"replies":[{"embeddable":true,"href":"https:\/\/www.kacerdlazby.sk\/index.php?rest_route=%2Fwp%2Fv2%2Fcomments&post=1035"}],"version-history":[{"count":13,"href":"https:\/\/www.kacerdlazby.sk\/index.php?rest_route=\/wp\/v2\/pages\/1035\/revisions"}],"predecessor-version":[{"id":1260,"href":"https:\/\/www.kacerdlazby.sk\/index.php?rest_route=\/wp\/v2\/pages\/1035\/revisions\/1260"}],"wp:attachment":[{"href":"https:\/\/www.kacerdlazby.sk\/index.php?rest_route=%2Fwp%2Fv2%2Fmedia&parent=1035"}],"curies":[{"name":"wp","href":"https:\/\/api.w.org\/{rel}","templated":true}]}}